{"id":1486,"date":"2024-12-03T14:51:36","date_gmt":"2024-12-03T11:51:36","guid":{"rendered":"https:\/\/toygartoydemir.com\/?page_id=1486"},"modified":"2025-01-10T16:59:47","modified_gmt":"2025-01-10T13:59:47","slug":"contact","status":"publish","type":"page","link":"https:\/\/toygartoydemir.com\/bg\/contact\/","title":{"rendered":"\u041a\u043e\u043d\u0442\u0430\u043a\u0442"},"content":{"rendered":"\n\t<section class=\"section\" id=\"section_386077430\">\n\t\t<div class=\"section-bg fill\" >\n\t\t\t\t\t\t\t\t\t\n\t\t\t\n\n\t\t<\/div>\n\n\t\t\n\n\t\t<div class=\"section-content relative\">\n\t\t\t\n  <div id=\"page-header-415407309\" class=\"page-header-wrapper\">\n  <div class=\"page-title dark simple-title\">\n\n    \n    <div class=\"page-title-inner container align-top flex-row medium-flex-wrap\" >\n              <div class=\"title-wrapper flex-col text-left medium-text-center\">\n          <h1 class=\"entry-title mb-0\">\n            \u041a\u043e\u043d\u0442\u0430\u043a\u0442          <\/h1>\n        <\/div>\n                    <div class=\"title-content flex-col flex-right text-right medium-text-center\">\n        <div class=\"title-breadcrumbs pb-half pt-half\"><\/div>      <\/div>\n    <\/div>\n\n       <\/div>\n    <\/div>\n  \n\t\t<\/div>\n\n\t\t\n<style>\n#section_386077430 {\n  padding-top: 30px;\n  padding-bottom: 30px;\n  background-color: #0000fe;\n}\n<\/style>\n\t<\/section>\n\t\n\n\t<section class=\"section\" id=\"section_410221168\">\n\t\t<div class=\"section-bg fill\" >\n\t\t\t\t\t\t\t\t\t\n\t\t\t\n\n\t\t<\/div>\n\n\t\t\n\n\t\t<div class=\"section-content relative\">\n\t\t\t\n<div class=\"row\"  id=\"row-2042715460\">\n\n\t<div id=\"col-541728461\" class=\"col medium-6 small-12 large-6\"  >\n\t\t\t\t<div class=\"col-inner\"  >\n\t\t\t\n\t\t\t\n\t<div id=\"text-995172893\" class=\"text\">\n\t\t\n<p><span style=\"font-size: 200%;\"><strong>\u0421\u0432\u044a\u0440\u0436\u0435\u0442\u0435 \u0441\u0435 \u0441 \u043d\u0430\u0441!<\/strong><\/span><\/p>\n\t\t\n<style>\n#text-995172893 {\n  color: rgb(0,0,0);\n}\n#text-995172893 > * {\n  color: rgb(0,0,0);\n}\n<\/style>\n\t<\/div>\n\t\n<div class=\"social-icons follow-icons\" ><a href=\"https:\/\/www.facebook.com\/ProfDrToygarToydemir\/\" target=\"_blank\" data-label=\"Facebook\" class=\"icon primary button circle facebook tooltip\" title=\"Follow on Facebook\" aria-label=\"Follow on Facebook\" rel=\"noopener nofollow\"><i class=\"icon-facebook\" ><\/i><\/a><a href=\"https:\/\/www.instagram.com\/drtoygartoydemir\/\" target=\"_blank\" data-label=\"Instagram\" class=\"icon primary button circle instagram tooltip\" title=\"Follow on Instagram\" aria-label=\"Follow on Instagram\" rel=\"noopener nofollow\"><i class=\"icon-instagram\" ><\/i><\/a><a href=\"https:\/\/x.com\/toygar00\" data-label=\"X\" target=\"_blank\" class=\"icon primary button circle x tooltip\" title=\"Follow on X\" aria-label=\"Follow on X\" rel=\"noopener nofollow\"><i class=\"icon-x\" ><\/i><\/a><a href=\"mailto:toygartoydemir@hotmail.com\" data-label=\"E-mail\" target=\"_blank\" class=\"icon primary button circle email tooltip\" title=\"Send us an email\" aria-label=\"Send us an email\" rel=\"nofollow noopener\" ><i class=\"icon-envelop\" ><\/i><\/a><a href=\"tel:+90 532 586 96 00\" data-label=\"Phone\" target=\"_blank\" class=\"icon primary button circle phone tooltip\" title=\"Call us\" aria-label=\"Call us\" rel=\"nofollow noopener\" ><i class=\"icon-phone\" ><\/i><\/a><a href=\"https:\/\/www.youtube.com\/channel\/UCzSJyoZRgEVLK_s9T98fQjQ\" data-label=\"YouTube\" target=\"_blank\" class=\"icon primary button circle youtube tooltip\" title=\"Follow on YouTube\" aria-label=\"Follow on YouTube\" rel=\"noopener nofollow\"><i class=\"icon-youtube\" ><\/i><\/a><\/div>\n\t<div id=\"text-19257899\" class=\"text\">\n\t\t\n<p><strong>\u0422\u0435\u043b\u0435\u0444\u043e\u043d: <\/strong><a href=\"tel:+90 532 586 96 00\">+90 532 586 96 00<\/a><\/p>\n<p><strong>WhatsApp:<\/strong> <a href=\"https:\/\/api.whatsapp.com\/send?phone=905325869600\" target=\"_blank\" rel=\"noopener\">+90 532 586 96 00<\/a><\/p>\n<p><strong>\u0418\u043c\u0435\u0439\u043b: <\/strong><a href=\"mailto:toygartoydemir@hotmail.com\">toygartoydemir@hotmail.com<\/a><\/p>\n<p><strong>\u0410\u0434\u0440\u0435\u0441: <\/strong><a href=\"https:\/\/www.google.com\/maps\/place\/Prof.+Dr.+Toygar+Toydemir+%7C+T%C3%BCp+Mide+Ameliyat%C4%B1+%7C+Mide+K%C3%BC%C3%A7%C3%BCltme+%7C+Obezite+Ameliyat%C4%B1\/@41.0546703,28.9963586,17z\/data=!4m6!3m5!1s0x14cab70db4d38119:0x9e4b812b0b61a93e!8m2!3d41.0546549!4d28.9965081!16s%2Fg%2F11fyzftnnv?hl=tr&amp;entry=ttu&amp;g_ep=EgoyMDI0MTIwMS4xIKXMDSoASAFQAw%3D%3D\" target=\"_blank\" rel=\"noopener\">Te\u015fvikiye mahallesi, Sinoplu \u015eehit Cemal Sokak. Camsaray apt. no:12 B blok daire 1 Ni\u015fanta\u015f\u0131, \u015ei\u015fli \/ \u0130stanbul<\/a><\/p>\n\t\t\n<style>\n#text-19257899 {\n  color: rgb(0,0,0);\n}\n#text-19257899 > * {\n  color: rgb(0,0,0);\n}\n<\/style>\n\t<\/div>\n\t\n\t\t<\/div>\n\t\t\t\t\t<\/div>\n\n\t\n\n\t<div id=\"col-1320917638\" class=\"col anasayfa-form medium-6 small-12 large-6\"  >\n\t\t\t\t<div class=\"col-inner box-shadow-3\"  >\n\t\t\t\n\t\t\t\n\n<div class=\"wpcf7 no-js\" id=\"wpcf7-f1471-o1\" lang=\"tr-TR\" dir=\"ltr\" data-wpcf7-id=\"1471\">\n<div class=\"screen-reader-response\"><p role=\"status\" aria-live=\"polite\" aria-atomic=\"true\"><\/p> <ul><\/ul><\/div>\n<form action=\"\/bg\/wp-json\/wp\/v2\/pages\/1486#wpcf7-f1471-o1\" method=\"post\" class=\"wpcf7-form init\" aria-label=\"\u0130leti\u015fim Formu\" novalidate=\"novalidate\" data-status=\"init\">\n<fieldset class=\"hidden-fields-container\"><input type=\"hidden\" name=\"_wpcf7\" value=\"1471\" \/><input type=\"hidden\" name=\"_wpcf7_version\" value=\"6.1.5\" \/><input type=\"hidden\" name=\"_wpcf7_locale\" value=\"tr_TR\" \/><input type=\"hidden\" name=\"_wpcf7_unit_tag\" value=\"wpcf7-f1471-o1\" \/><input type=\"hidden\" name=\"_wpcf7_container_post\" value=\"0\" \/><input type=\"hidden\" name=\"_wpcf7_posted_data_hash\" value=\"\" \/>\n<\/fieldset>\n<p><label> \u0418\u043c\u0435 \u0438 \u0444\u0430\u043c\u0438\u043b\u0438\u044f<br \/>\n<span class=\"wpcf7-form-control-wrap\" data-name=\"your-name\"><input size=\"40\" maxlength=\"400\" class=\"wpcf7-form-control wpcf7-text wpcf7-validates-as-required\" autocomplete=\"name\" aria-required=\"true\" aria-invalid=\"false\" value=\"\" type=\"text\" name=\"your-name\" \/><\/span> <\/label>\n<\/p>\n<p><label> \u0422\u0435\u043b\u0435\u0444\u043e\u043d\u0435\u043d \u043d\u043e\u043c\u0435\u0440<br \/>\n<span class=\"wpcf7-form-control-wrap\" data-name=\"tel-748\"><input size=\"40\" maxlength=\"400\" class=\"wpcf7-form-control wpcf7-tel wpcf7-text wpcf7-validates-as-tel\" autocomplete=\"tel\" aria-invalid=\"false\" value=\"\" type=\"tel\" name=\"tel-748\" \/><\/span> <\/label>\n<\/p>\n<p><label> \u0418\u0437\u0431\u0435\u0440\u0435\u0442\u0435 \u043e\u043f\u0435\u0440\u0430\u0446\u0438\u044f<br \/>\n<span class=\"wpcf7-form-control-wrap\" data-name=\"select-357\"><select class=\"wpcf7-form-control wpcf7-select wpcf7-validates-as-required\" aria-required=\"true\" aria-invalid=\"false\" name=\"select-357\"><option value=\"\u0420\u044a\u043a\u0430\u0432\u043d\u0430 \u0433\u0430\u0441\u0442\u0440\u0435\u043a\u0442\u043e\u043c\u0438\u044f\">\u0420\u044a\u043a\u0430\u0432\u043d\u0430 \u0433\u0430\u0441\u0442\u0440\u0435\u043a\u0442\u043e\u043c\u0438\u044f<\/option><option value=\"\u0413\u0430\u0441\u0442\u0440\u0430\u043b\u0435\u043d \u0431\u0430\u0439\u043f\u0430\u0441\">\u0413\u0430\u0441\u0442\u0440\u0430\u043b\u0435\u043d \u0431\u0430\u0439\u043f\u0430\u0441<\/option><option value=\"\u0421\u0442\u043e\u043c\u0430\u0448\u0435\u043d \u0431\u0430\u043b\u043e\u043d\">\u0421\u0442\u043e\u043c\u0430\u0448\u0435\u043d \u0431\u0430\u043b\u043e\u043d<\/option><option value=\"\u0421\u0442\u043e\u043c\u0430\u0448\u0435\u043d \u043f\u0440\u044a\u0441\u0442\u0435\u043d\">\u0421\u0442\u043e\u043c\u0430\u0448\u0435\u043d \u043f\u0440\u044a\u0441\u0442\u0435\u043d<\/option><option value=\"\u0414\u0443\u043e\u0434\u0435\u043d\u0430\u043b\u0435\u043d \u0441\u0443\u0438\u0447\">\u0414\u0443\u043e\u0434\u0435\u043d\u0430\u043b\u0435\u043d \u0441\u0443\u0438\u0447<\/option><\/select><\/span> <\/label>\n<\/p>\n<p><span class=\"wpcf7-form-control-wrap\" data-name=\"acceptance-906\"><span class=\"wpcf7-form-control wpcf7-acceptance optional\"><span class=\"wpcf7-list-item\"><label><input type=\"checkbox\" name=\"acceptance-906\" value=\"1\" aria-invalid=\"false\" \/><span class=\"wpcf7-list-item-label\"><a href=\"https:\/\/toygartoydemir.com\/gizlilik-politikasi\/\" target=\"_blank\" rel=\"noopener\">\u041f\u043e\u043b\u0438\u0442\u0438\u043a\u0430 \u0437\u0430 \u043f\u043e\u0432\u0435\u0440\u0438\u0442\u0435\u043b\u043d\u043e\u0441\u0442<\/a>\n'\u044f \u043f\u0440\u0438\u0435\u043c\u0430\u043c<\/span><\/label><\/span><\/span><\/span>\n<\/p>\n<p><input class=\"wpcf7-form-control wpcf7-submit has-spinner\" type=\"submit\" value=\"\u0417\u0430\u043f\u0430\u0437\u0432\u0430\u043d\u0435 \u043d\u0430 \u0447\u0430\u0441\" \/>\n<\/p><p style=\"display: none !important;\" class=\"akismet-fields-container\" data-prefix=\"_wpcf7_ak_\"><label>&#916;<textarea name=\"_wpcf7_ak_hp_textarea\" cols=\"45\" rows=\"8\" maxlength=\"100\"><\/textarea><\/label><input type=\"hidden\" id=\"ak_js_1\" name=\"_wpcf7_ak_js\" value=\"41\"\/><script type=\"text\/javascript\">\n\/* <![CDATA[ *\/\ndocument.getElementById( \"ak_js_1\" ).setAttribute( \"value\", ( new Date() ).getTime() );\n\/* ]]> *\/\n<\/script>\n<\/p><div class=\"wpcf7-response-output\" aria-hidden=\"true\"><\/div>\n<\/form>\n<\/div>\n\n\t\t<\/div>\n\t\t\t\t\n<style>\n#col-1320917638 > .col-inner {\n  padding: 30px 30px 0px 30px;\n  border-radius: 10px;\n}\n<\/style>\n\t<\/div>\n\n\t\n<\/div>\n\t\t<\/div>\n\n\t\t\n<style>\n#section_410221168 {\n  padding-top: 30px;\n  padding-bottom: 30px;\n}\n<\/style>\n\t<\/section>\n\t\n","protected":false},"excerpt":{"rendered":"","protected":false},"author":1,"featured_media":0,"parent":0,"menu_order":0,"comment_status":"closed","ping_status":"closed","template":"page-blank.php","meta":{"footnotes":""},"class_list":["post-1486","page","type-page","status-publish","hentry"],"_links":{"self":[{"href":"https:\/\/toygartoydemir.com\/bg\/wp-json\/wp\/v2\/pages\/1486","targetHints":{"allow":["GET"]}}],"collection":[{"href":"https:\/\/toygartoydemir.com\/bg\/wp-json\/wp\/v2\/pages"}],"about":[{"href":"https:\/\/toygartoydemir.com\/bg\/wp-json\/wp\/v2\/types\/page"}],"author":[{"embeddable":true,"href":"https:\/\/toygartoydemir.com\/bg\/wp-json\/wp\/v2\/users\/1"}],"replies":[{"embeddable":true,"href":"https:\/\/toygartoydemir.com\/bg\/wp-json\/wp\/v2\/comments?post=1486"}],"version-history":[{"count":4,"href":"https:\/\/toygartoydemir.com\/bg\/wp-json\/wp\/v2\/pages\/1486\/revisions"}],"predecessor-version":[{"id":1493,"href":"https:\/\/toygartoydemir.com\/bg\/wp-json\/wp\/v2\/pages\/1486\/revisions\/1493"}],"wp:attachment":[{"href":"https:\/\/toygartoydemir.com\/bg\/wp-json\/wp\/v2\/media?parent=1486"}],"curies":[{"name":"wp","href":"https:\/\/api.w.org\/{rel}","templated":true}]}}