{"id":1139,"date":"2024-12-03T14:51:36","date_gmt":"2024-12-03T11:51:36","guid":{"rendered":"https:\/\/toygartoydemir.com\/?page_id=1139"},"modified":"2024-12-25T10:55:03","modified_gmt":"2024-12-25T07:55:03","slug":"kontakt","status":"publish","type":"page","link":"https:\/\/toygartoydemir.com\/de\/kontakt\/","title":{"rendered":"Kontakt"},"content":{"rendered":"\n\t<section class=\"section\" id=\"section_294266477\">\n\t\t<div class=\"section-bg fill\" >\n\t\t\t\t\t\t\t\t\t\n\t\t\t\n\n\t\t<\/div>\n\n\t\t\n\n\t\t<div class=\"section-content relative\">\n\t\t\t\n  <div id=\"page-header-1000737697\" class=\"page-header-wrapper\">\n  <div class=\"page-title dark simple-title\">\n\n    \n    <div class=\"page-title-inner container align-top flex-row medium-flex-wrap\" >\n              <div class=\"title-wrapper flex-col text-left medium-text-center\">\n          <h1 class=\"entry-title mb-0\">\n            Kontakt          <\/h1>\n        <\/div>\n                    <div class=\"title-content flex-col flex-right text-right medium-text-center\">\n        <div class=\"title-breadcrumbs pb-half pt-half\"><\/div>      <\/div>\n    <\/div>\n\n       <\/div>\n    <\/div>\n  \n\t\t<\/div>\n\n\t\t\n<style>\n#section_294266477 {\n  padding-top: 30px;\n  padding-bottom: 30px;\n  background-color: #0000fe;\n}\n<\/style>\n\t<\/section>\n\t\n\n\t<section class=\"section\" id=\"section_1743316516\">\n\t\t<div class=\"section-bg fill\" >\n\t\t\t\t\t\t\t\t\t\n\t\t\t\n\n\t\t<\/div>\n\n\t\t\n\n\t\t<div class=\"section-content relative\">\n\t\t\t\n<div class=\"row\"  id=\"row-1435491404\">\n\n\t<div id=\"col-344944639\" class=\"col medium-6 small-12 large-6\"  >\n\t\t\t\t<div class=\"col-inner\"  >\n\t\t\t\n\t\t\t\n\t<div id=\"text-1746042721\" class=\"text\">\n\t\t\n<p><span style=\"font-size: 200%;\"><strong>Kontaktieren Sie uns!<\/strong><\/span><br \/>\n\t\t\n<style>\n#text-1746042721 {\n  color: rgb(0,0,0);\n}\n#text-1746042721 > * {\n  color: rgb(0,0,0);\n}\n<\/style>\n\t<\/div>\n\t\n<div class=\"social-icons follow-icons\" ><a href=\"https:\/\/www.facebook.com\/ProfDrToygarToydemir\/\" target=\"_blank\" data-label=\"Facebook\" class=\"icon primary button circle facebook tooltip\" title=\"Auf Facebook folgen\" aria-label=\"Auf Facebook folgen\" rel=\"noopener nofollow\"><i class=\"icon-facebook\" ><\/i><\/a><a href=\"https:\/\/www.instagram.com\/drtoygartoydemir\/\" target=\"_blank\" data-label=\"Instagram\" class=\"icon primary button circle instagram tooltip\" title=\"Auf Instagram folgen\" aria-label=\"Auf Instagram folgen\" rel=\"noopener nofollow\"><i class=\"icon-instagram\" ><\/i><\/a><a href=\"https:\/\/x.com\/toygar00\" data-label=\"X\" target=\"_blank\" class=\"icon primary button circle x tooltip\" title=\"Auf X folgen\" aria-label=\"Auf X folgen\" rel=\"noopener nofollow\"><i class=\"icon-x\" ><\/i><\/a><a href=\"mailto:toygartoydemir@hotmail.com\" data-label=\"E-mail\" target=\"_blank\" class=\"icon primary button circle email tooltip\" title=\"Sende uns eine E-Mail\" aria-label=\"Sende uns eine E-Mail\" rel=\"nofollow noopener\" ><i class=\"icon-envelop\" ><\/i><\/a><a href=\"tel:+90 532 586 96 00\" data-label=\"Phone\" target=\"_blank\" class=\"icon primary button circle phone tooltip\" title=\"Rufe uns an\" aria-label=\"Rufe uns an\" rel=\"nofollow noopener\" ><i class=\"icon-phone\" ><\/i><\/a><a href=\"https:\/\/www.youtube.com\/channel\/UCzSJyoZRgEVLK_s9T98fQjQ\" data-label=\"YouTube\" target=\"_blank\" class=\"icon primary button circle youtube tooltip\" title=\"Auf YouTube folgen\" aria-label=\"Auf YouTube folgen\" rel=\"noopener nofollow\"><i class=\"icon-youtube\" ><\/i><\/a><\/div>\n\t<div id=\"text-2291855180\" class=\"text\">\n\t\t\n<p><strong>Telefon:\u00a0<\/strong><a href=\"tel:+90 532 586 96 00\">+90 532 586 96 00<\/a><\/p>\n<p><strong>WhatsApp:<\/strong> <a href=\"https:\/\/api.whatsapp.com\/send?phone=905325869600\" target=\"_blank\" rel=\"noopener\">+90 532 586 96 00<\/a><\/p>\n<p><strong>E-Mail: <\/strong><a href=\"mailto:toygartoydemir@hotmail.com\">toygartoydemir@hotmail.com<\/a><\/p>\n<p><strong>Adresse:<\/strong> <a href=\"https:\/\/www.google.com\/maps\/place\/Prof.+Dr.+Toygar+Toydemir+%7C+T%C3%BCp+Mide+Ameliyat%C4%B1+%7C+Mide+K%C3%BC%C3%A7%C3%BCltme+%7C+Obezite+Ameliyat%C4%B1\/@41.0546703,28.9963586,17z\/data=!4m6!3m5!1s0x14cab70db4d38119:0x9e4b812b0b61a93e!8m2!3d41.0546549!4d28.9965081!16s%2Fg%2F11fyzftnnv?hl=tr&amp;entry=ttu&amp;g_ep=EgoyMDI0MTIwMS4xIKXMDSoASAFQAw%3D%3D\" target=\"_blank\" rel=\"noopener\">Te\u015fvikiye Mahallesi, Sinoplu \u015eehit Cemal Sokak, Camsaray Apt. Nr. 12, B-Block, Wohnung 1, Ni\u015fanta\u015f\u0131, \u015ei\u015fli \/ Istanbul<\/a><br \/>\n\t\t\n<style>\n#text-2291855180 {\n  color: rgb(0,0,0);\n}\n#text-2291855180 > * {\n  color: rgb(0,0,0);\n}\n<\/style>\n\t<\/div>\n\t\n\t\t<\/div>\n\t\t\t\t\t<\/div>\n\n\t\n\n\t<div id=\"col-880101159\" class=\"col anasayfa-form medium-6 small-12 large-6\"  >\n\t\t\t\t<div class=\"col-inner box-shadow-3\"  >\n\t\t\t\n\t\t\t\n\n<div class=\"wpcf7 no-js\" id=\"wpcf7-f1137-o1\" lang=\"tr-TR\" dir=\"ltr\" data-wpcf7-id=\"1137\">\n<div class=\"screen-reader-response\"><p role=\"status\" aria-live=\"polite\" aria-atomic=\"true\"><\/p> <ul><\/ul><\/div>\n<form action=\"\/de\/wp-json\/wp\/v2\/pages\/1139#wpcf7-f1137-o1\" method=\"post\" class=\"wpcf7-form init\" aria-label=\"\u0130leti\u015fim Formu\" novalidate=\"novalidate\" data-status=\"init\">\n<fieldset class=\"hidden-fields-container\"><input type=\"hidden\" name=\"_wpcf7\" value=\"1137\" \/><input type=\"hidden\" name=\"_wpcf7_version\" value=\"6.1.5\" \/><input type=\"hidden\" name=\"_wpcf7_locale\" value=\"tr_TR\" \/><input type=\"hidden\" name=\"_wpcf7_unit_tag\" value=\"wpcf7-f1137-o1\" \/><input type=\"hidden\" name=\"_wpcf7_container_post\" value=\"0\" \/><input type=\"hidden\" name=\"_wpcf7_posted_data_hash\" value=\"\" \/>\n<\/fieldset>\n<p><label> Ihr Vor- und Nachname<br \/>\n<span class=\"wpcf7-form-control-wrap\" data-name=\"your-name\"><input size=\"40\" maxlength=\"400\" class=\"wpcf7-form-control wpcf7-text wpcf7-validates-as-required\" autocomplete=\"name\" aria-required=\"true\" aria-invalid=\"false\" value=\"\" type=\"text\" name=\"your-name\" \/><\/span><br \/>\n<\/label>\n<\/p>\n<p><label> Telefonnummer<br \/>\n<span class=\"wpcf7-form-control-wrap\" data-name=\"tel-748\"><input size=\"40\" maxlength=\"400\" class=\"wpcf7-form-control wpcf7-tel wpcf7-text wpcf7-validates-as-tel\" autocomplete=\"tel\" aria-invalid=\"false\" value=\"\" type=\"tel\" name=\"tel-748\" \/><\/span><br \/>\n<\/label>\n<\/p>\n<p><label> Operation ausw\u00e4hlen<br \/>\n<span class=\"wpcf7-form-control-wrap\" data-name=\"select-357\"><select class=\"wpcf7-form-control wpcf7-select wpcf7-validates-as-required\" aria-required=\"true\" aria-invalid=\"false\" name=\"select-357\"><option value=\"Magensonde\">Magensonde<\/option><option value=\"Magenbypass\">Magenbypass<\/option><option value=\"Magenballon\">Magenballon<\/option><option value=\"Magenband\">Magenband<\/option><option value=\"Duodenal Switch\">Duodenal Switch<\/option><\/select><\/span><br \/>\n<\/label>\n<\/p>\n<p><span class=\"wpcf7-form-control-wrap\" data-name=\"acceptance-906\"><span class=\"wpcf7-form-control wpcf7-acceptance optional\"><span class=\"wpcf7-list-item\"><label><input type=\"checkbox\" name=\"acceptance-906\" value=\"1\" aria-invalid=\"false\" \/><span class=\"wpcf7-list-item-label\">Ich akzeptiere die <a href=\"https:\/\/toygartoydemir.com\/gizlilik-politikasi\/\" target=\"_blank\" rel=\"noopener\">Datenschutzrichtlinie<\/a><\/span><\/label><\/span><\/span><\/span>\n<\/p>\n<p><input class=\"wpcf7-form-control wpcf7-submit has-spinner\" type=\"submit\" value=\"Termin vereinbaren\" \/>\n<\/p><p style=\"display: none !important;\" class=\"akismet-fields-container\" data-prefix=\"_wpcf7_ak_\"><label>&#916;<textarea name=\"_wpcf7_ak_hp_textarea\" cols=\"45\" rows=\"8\" maxlength=\"100\"><\/textarea><\/label><input type=\"hidden\" id=\"ak_js_1\" name=\"_wpcf7_ak_js\" value=\"5\"\/><script>document.getElementById( \"ak_js_1\" ).setAttribute( \"value\", ( new Date() ).getTime() );<\/script><\/p><div class=\"wpcf7-response-output\" aria-hidden=\"true\"><\/div>\n<\/form>\n<\/div>\n\n\t\t<\/div>\n\t\t\t\t\n<style>\n#col-880101159 > .col-inner {\n  padding: 30px 30px 0px 30px;\n  border-radius: 10px;\n}\n<\/style>\n\t<\/div>\n\n\t\n<\/div>\n\t\t<\/div>\n\n\t\t\n<style>\n#section_1743316516 {\n  padding-top: 30px;\n  padding-bottom: 30px;\n}\n<\/style>\n\t<\/section>\n\t\n","protected":false},"excerpt":{"rendered":"","protected":false},"author":1,"featured_media":0,"parent":0,"menu_order":0,"comment_status":"closed","ping_status":"closed","template":"page-blank.php","meta":{"footnotes":""},"class_list":["post-1139","page","type-page","status-publish","hentry"],"_links":{"self":[{"href":"https:\/\/toygartoydemir.com\/de\/wp-json\/wp\/v2\/pages\/1139","targetHints":{"allow":["GET"]}}],"collection":[{"href":"https:\/\/toygartoydemir.com\/de\/wp-json\/wp\/v2\/pages"}],"about":[{"href":"https:\/\/toygartoydemir.com\/de\/wp-json\/wp\/v2\/types\/page"}],"author":[{"embeddable":true,"href":"https:\/\/toygartoydemir.com\/de\/wp-json\/wp\/v2\/users\/1"}],"replies":[{"embeddable":true,"href":"https:\/\/toygartoydemir.com\/de\/wp-json\/wp\/v2\/comments?post=1139"}],"version-history":[{"count":2,"href":"https:\/\/toygartoydemir.com\/de\/wp-json\/wp\/v2\/pages\/1139\/revisions"}],"predecessor-version":[{"id":1141,"href":"https:\/\/toygartoydemir.com\/de\/wp-json\/wp\/v2\/pages\/1139\/revisions\/1141"}],"wp:attachment":[{"href":"https:\/\/toygartoydemir.com\/de\/wp-json\/wp\/v2\/media?parent=1139"}],"curies":[{"name":"wp","href":"https:\/\/api.w.org\/{rel}","templated":true}]}}