{"id":1142,"date":"2024-12-03T14:51:23","date_gmt":"2024-12-03T11:51:23","guid":{"rendered":"https:\/\/toygartoydemir.com\/?page_id=1142"},"modified":"2025-03-24T12:06:58","modified_gmt":"2025-03-24T09:06:58","slug":"haeufig-gestellte-fragen","status":"publish","type":"page","link":"https:\/\/toygartoydemir.com\/de\/haeufig-gestellte-fragen\/","title":{"rendered":"H\u00e4ufig gestellte Fragen"},"content":{"rendered":"\n\t<section class=\"section\" id=\"section_523980198\">\n\t\t<div class=\"section-bg fill\" >\n\t\t\t\t\t\t\t\t\t\n\t\t\t\n\n\t\t<\/div>\n\n\t\t\n\n\t\t<div class=\"section-content relative\">\n\t\t\t\n  <div id=\"page-header-1114326888\" class=\"page-header-wrapper\">\n  <div class=\"page-title dark simple-title\">\n\n    \n    <div class=\"page-title-inner container align-top flex-row medium-flex-wrap\" >\n              <div class=\"title-wrapper flex-col text-left medium-text-center\">\n          <h1 class=\"entry-title mb-0\">\n            H\u00e4ufig gestellte Fragen          <\/h1>\n        <\/div>\n                    <div class=\"title-content flex-col flex-right text-right medium-text-center\">\n        <div class=\"title-breadcrumbs pb-half pt-half\"><\/div>      <\/div>\n    <\/div>\n\n       <\/div>\n    <\/div>\n  \n\t\t<\/div>\n\n\t\t\n<style>\n#section_523980198 {\n  padding-top: 30px;\n  padding-bottom: 30px;\n  background-color: #0000fe;\n}\n<\/style>\n\t<\/section>\n\t\n\n\t<section class=\"section\" id=\"section_1507188882\">\n\t\t<div class=\"section-bg fill\" >\n\t\t\t\t\t\t\t\t\t\n\t\t\t\n\n\t\t<\/div>\n\n\t\t\n\n\t\t<div class=\"section-content relative\">\n\t\t\t\n<div class=\"row\"  id=\"row-1700629637\">\n\n\t<div id=\"col-1689545895\" class=\"col small-12 large-12\"  >\n\t\t\t\t<div class=\"col-inner\"  >\n\t\t\t\n\t\t\t\n<div class=\"accordion anasayfa-sss\">\n\t<div id=\"accordion-1577818945\" class=\"accordion-item\">\n\t\t<a id=\"accordion-1577818945-label\" class=\"accordion-title plain\" href=\"#accordion-item-ich-m\u00f6chte-mich-sehr-operieren-lassen,-habe-aber-gro\u00dfe-angst.-sind-adipositas-operationen-sehr-riskant?\" aria-expanded=\"false\" aria-controls=\"accordion-1577818945-content\" >\n\t\t\t<button class=\"toggle\" aria-label=\"Umschalten\"><i class=\"icon-angle-down\"><\/i><\/button>\n\t\t\t<span>Ich m\u00f6chte mich sehr operieren lassen, habe aber gro\u00dfe Angst. Sind Adipositas-Operationen sehr riskant?<\/span>\n\t\t<\/a>\n\t\t<div id=\"accordion-1577818945-content\" class=\"accordion-inner\" aria-labelledby=\"accordion-1577818945-label\" >\n\t\t\t\n<p>Im medizinischen Bereich birgt jeder chirurgische Eingriff von Natur aus ein Risiko. Entgegen der landl\u00e4ufigen Meinung unterscheidet sich das Risiko von Adipositas-Operationen jedoch nicht wesentlich von anderen intraabdominellen Operationen. Das Sterberisiko bei Adipositas-Operationen liegt bei 0,1 %. Weitere prozedurenspezifische Komplikationen sind Blutungen (2 %), Leckagen an der Schnittlinie des Magens (1\u20132 %) und Blutgerinnsel in den Beingef\u00e4\u00dfen (0,1 %). Der wichtigste Parameter zur Minimierung dieser Komplikationen ist die Erfahrung des chirurgischen Teams. Es sei darauf hingewiesen, dass das Risiko einer Adipositas-Operation im Vergleich zu dem Risiko, das mit schwerer Fettleibigkeit verbunden ist, deutlich geringer ist.<\/p>\n\t\t<\/div>\n\t<\/div>\n\t\n\t<div id=\"accordion-2940673194\" class=\"accordion-item\">\n\t\t<a id=\"accordion-2940673194-label\" class=\"accordion-title plain\" href=\"#accordion-item-werde-ich-nach-der-operation-starke-schmerzen-haben?\" aria-expanded=\"false\" aria-controls=\"accordion-2940673194-content\" >\n\t\t\t<button class=\"toggle\" aria-label=\"Umschalten\"><i class=\"icon-angle-down\"><\/i><\/button>\n\t\t\t<span>Werde ich nach der Operation starke Schmerzen haben?<\/span>\n\t\t<\/a>\n\t\t<div id=\"accordion-2940673194-content\" class=\"accordion-inner\" aria-labelledby=\"accordion-2940673194-label\" >\n\t\t\t\n<p>Adipositas-Operationen werden heute mit videolaparoskopischer Technologie durchgef\u00fchrt, die auch als minimalinvasive Chirurgie bekannt ist. Das bedeutet, dass sie durch millimetergro\u00dfe Schnitte mit speziellen Instrumenten durchgef\u00fchrt werden. Daher sind die postoperativen Schmerzen im Vergleich zu Operationen mit gro\u00dfen Bauchschnitten sehr gering. Schmerzen treten in der Regel nur in der ersten Nacht auf und k\u00f6nnen mit intraven\u00f6s verabreichten Medikamenten leicht kontrolliert werden. Die meisten unserer Patienten ben\u00f6tigen ab dem zweiten Tag keine Schmerzmittel mehr.<\/p>\n\t\t<\/div>\n\t<\/div>\n\t\n\t<div id=\"accordion-499432970\" class=\"accordion-item\">\n\t\t<a id=\"accordion-499432970-label\" class=\"accordion-title plain\" href=\"#accordion-item-wie-werde-ich-mich-nach-der-operation-ern\u00e4hren?\" aria-expanded=\"false\" aria-controls=\"accordion-499432970-content\" >\n\t\t\t<button class=\"toggle\" aria-label=\"Umschalten\"><i class=\"icon-angle-down\"><\/i><\/button>\n\t\t\t<span>Wie werde ich mich nach der Operation ern\u00e4hren?<\/span>\n\t\t<\/a>\n\t\t<div id=\"accordion-499432970-content\" class=\"accordion-inner\" aria-labelledby=\"accordion-499432970-label\" >\n\t\t\t\n<p>Nach der Operation gibt es ein stufenweises Ern\u00e4hrungsmodell, das von klaren Fl\u00fcssigkeiten bis hin zu festen Lebensmitteln reicht. Grob gesagt: In der ersten Woche klare Getr\u00e4nke (Wasser, Fruchts\u00e4fte, Kr\u00e4utertees, Br\u00fche, verd\u00fcnnter Joghurt usw.), in der zweiten Woche dickere Suppen und Getr\u00e4nke, in der dritten Woche p\u00fcrierte Lebensmittel (Gem\u00fcsep\u00fcrees, Fisch, weicher K\u00e4se usw.) und in der vierten Woche feste Lebensmittel. Ab dem ersten Monat erstellen wir in unserer Klinik individuelle Ern\u00e4hrungspl\u00e4ne, die auf den Geschmack und die Essgewohnheiten des Patienten abgestimmt sind, unter der Aufsicht unserer Ern\u00e4hrungsberater.<\/p>\n\t\t<\/div>\n\t<\/div>\n\t\n\t<div id=\"accordion-641444947\" class=\"accordion-item\">\n\t\t<a id=\"accordion-641444947-label\" class=\"accordion-title plain\" href=\"#accordion-item-sind-krankheiten-wie-diabetes,-bluthochdruck-und-schlafapnoe-ein-hindernis-f\u00fcr-diese-operationen?\" aria-expanded=\"false\" aria-controls=\"accordion-641444947-content\" >\n\t\t\t<button class=\"toggle\" aria-label=\"Umschalten\"><i class=\"icon-angle-down\"><\/i><\/button>\n\t\t\t<span>Sind Krankheiten wie Diabetes, Bluthochdruck und Schlafapnoe ein Hindernis f\u00fcr diese Operationen?<\/span>\n\t\t<\/a>\n\t\t<div id=\"accordion-641444947-content\" class=\"accordion-inner\" aria-labelledby=\"accordion-641444947-label\" >\n\t\t\t\n<p>Keine dieser Krankheiten stellt ein Hindernis f\u00fcr die Operation dar. Im Gegenteil: Es sollte bekannt sein, dass man nach der Operation fast vollst\u00e4ndig von diesen Krankheiten geheilt werden kann. Typ-2-Diabetes bessert sich je nach Dauer und Schwere der Krankheit um 70\u201395 %, Bluthochdruck um 50\u201390 % und Schlafapnoe um 90\u201399 %.<\/p>\n\t\t<\/div>\n\t<\/div>\n\t\n\t<div id=\"accordion-2437112620\" class=\"accordion-item\">\n\t\t<a id=\"accordion-2437112620-label\" class=\"accordion-title plain\" href=\"#accordion-item-welche-tests-werden-vor-der-operation-durchgef\u00fchrt?\" aria-expanded=\"false\" aria-controls=\"accordion-2437112620-content\" >\n\t\t\t<button class=\"toggle\" aria-label=\"Umschalten\"><i class=\"icon-angle-down\"><\/i><\/button>\n\t\t\t<span>Welche Tests werden vor der Operation durchgef\u00fchrt?<\/span>\n\t\t<\/a>\n\t\t<div id=\"accordion-2437112620-content\" class=\"accordion-inner\" aria-labelledby=\"accordion-2437112620-label\" >\n\t\t\t\n<p>In unserem Zentrum werden vor der Operation routinem\u00e4\u00dfig umfassende Bluttests, Kardiologie-, Pneumologie- und An\u00e4sthesieuntersuchungen, Lungenfunktionstests und Herzechos unter der Aufsicht von Fach\u00e4rzten durchgef\u00fchrt und sorgf\u00e4ltig bewertet, um die Eignung f\u00fcr die Allgemeinan\u00e4sthesie zu pr\u00fcfen. In bestimmten F\u00e4llen werden die Patienten auch von unserem Psychologen untersucht und auf die Operation vorbereitet.<\/p>\n\t\t<\/div>\n\t<\/div>\n\t\n\t<div id=\"accordion-2263062267\" class=\"accordion-item\">\n\t\t<a id=\"accordion-2263062267-label\" class=\"accordion-title plain\" href=\"#accordion-item-wie-lange-nach-der-operation-kann-ich-schwanger-werden?\" aria-expanded=\"false\" aria-controls=\"accordion-2263062267-content\" >\n\t\t\t<button class=\"toggle\" aria-label=\"Umschalten\"><i class=\"icon-angle-down\"><\/i><\/button>\n\t\t\t<span>Wie lange nach der Operation kann ich schwanger werden?<\/span>\n\t\t<\/a>\n\t\t<div id=\"accordion-2263062267-content\" class=\"accordion-inner\" aria-labelledby=\"accordion-2263062267-label\" >\n\t\t\t\n<p>F\u00fcr Patienten, die nach der Operation eine Schwangerschaft planen, betr\u00e4gt die Mindestwartezeit 12 Monate.<\/p>\n\t\t<\/div>\n\t<\/div>\n\t\n\t<div id=\"accordion-4008358076\" class=\"accordion-item\">\n\t\t<a id=\"accordion-4008358076-label\" class=\"accordion-title plain\" href=\"#accordion-item-wann-kann-ich-nach-der-operation-duschen?\" aria-expanded=\"false\" aria-controls=\"accordion-4008358076-content\" >\n\t\t\t<button class=\"toggle\" aria-label=\"Umschalten\"><i class=\"icon-angle-down\"><\/i><\/button>\n\t\t\t<span>Wann kann ich nach der Operation duschen?<\/span>\n\t\t<\/a>\n\t\t<div id=\"accordion-4008358076-content\" class=\"accordion-inner\" aria-labelledby=\"accordion-4008358076-label\" >\n\t\t\t\n<p>Nach der Entfernung der Drainage, die zur Kontrolle von Blutungen eingesetzt wird, k\u00f6nnen Sie mindestens eine Stunde sp\u00e4ter duschen. Vor dem Duschen sollten wasserdichte Pflaster auf die N\u00e4hte geklebt werden. Das Duschwasser sollte nicht zu hei\u00df sein, sondern lauwarm. In der Zeit nach der Entlassung aus dem Krankenhaus sollten Sie auch zu Hause beim ersten Bad die N\u00e4hte mit wasserdichten Pflastern abdecken. Bei weiteren Duschen ist dies nicht mehr erforderlich.<\/p>\n\t\t<\/div>\n\t<\/div>\n\t\n\t<div id=\"accordion-1716959321\" class=\"accordion-item\">\n\t\t<a id=\"accordion-1716959321-label\" class=\"accordion-title plain\" href=\"#accordion-item-wann-kann-ich-zu-meinem-normalen-leben-zur\u00fcckkehren?\" aria-expanded=\"false\" aria-controls=\"accordion-1716959321-content\" >\n\t\t\t<button class=\"toggle\" aria-label=\"Umschalten\"><i class=\"icon-angle-down\"><\/i><\/button>\n\t\t\t<span>Wann kann ich zu meinem normalen Leben zur\u00fcckkehren?<\/span>\n\t\t<\/a>\n\t\t<div id=\"accordion-1716959321-content\" class=\"accordion-inner\" aria-labelledby=\"accordion-1716959321-label\" >\n\t\t\t\n<p>Nach einer minimalinvasiven laparoskopischen Operation erfolgt die R\u00fcckkehr ins normale Leben schnell. Nach der Entlassung aus dem Krankenhaus k\u00f6nnen Sie leicht zu Ihrem normalen Leben zur\u00fcckkehren. Es gibt jedoch einige Punkte, auf die Sie achten m\u00fcssen. Nach der Entlassung aus dem Krankenhaus k\u00f6nnen Sie Ihre eigenen Bed\u00fcrfnisse selbstst\u00e4ndig erledigen. Alle allt\u00e4glichen Aufgaben, die Sie zuvor erledigt haben, k\u00f6nnen Sie ausf\u00fchren. Wir bitten Sie, sich in den ersten 10 Tagen nicht zu sehr anzustrengen. Zum Beispiel sollten Sie in den ersten 10 Tagen keine schweren Gegenst\u00e4nde heben, z. B. Ihr Kind, und keine Gewichte \u00fcber 4 kg tragen. Hausfrauen k\u00f6nnen weiterhin ihre \u00fcblichen t\u00e4glichen Hausarbeiten erledigen. F\u00fcr B\u00fcrojobs oder T\u00e4tigkeiten, die keine k\u00f6rperliche Anstrengung erfordern, k\u00f6nnen Sie ab dem 7. Tag wieder arbeiten.<\/p>\n\t\t<\/div>\n\t<\/div>\n\t\n\t<div id=\"accordion-2928883675\" class=\"accordion-item\">\n\t\t<a id=\"accordion-2928883675-label\" class=\"accordion-title plain\" href=\"#accordion-item-wie-oft-werde-ich-nach-der-operation-kontrolliert?\" aria-expanded=\"false\" aria-controls=\"accordion-2928883675-content\" >\n\t\t\t<button class=\"toggle\" aria-label=\"Umschalten\"><i class=\"icon-angle-down\"><\/i><\/button>\n\t\t\t<span>Wie oft werde ich nach der Operation kontrolliert?<\/span>\n\t\t<\/a>\n\t\t<div id=\"accordion-2928883675-content\" class=\"accordion-inner\" aria-labelledby=\"accordion-2928883675-label\" >\n\t\t\t\n<p>Die erste Kontrolle erfolgt einen Monat nach der Operation. Zu diesem Zeitpunkt sollten Sie die angeforderten Bluttests durchf\u00fchren lassen und zur Kontrolle kommen. W\u00e4hrend dieses ersten Monats bleiben wir in st\u00e4ndigem telefonischen Kontakt mit Ihnen. Unser Ern\u00e4hrungsberater und unsere Krankenschwester werden Sie anrufen. Weitere Kontrollen erfolgen in Abst\u00e4nden von drei Monaten (1., 3., 6., 9. und 12. Monat). Nach dem ersten Jahr sollten die Bluttests einmal j\u00e4hrlich wiederholt werden.<\/p>\n\t\t<\/div>\n\t<\/div>\n\t\n\t<div id=\"accordion-2043577993\" class=\"accordion-item\">\n\t\t<a id=\"accordion-2043577993-label\" class=\"accordion-title plain\" href=\"#accordion-item-wann-kann-ich-nach-der-operation-sport-treiben?\" aria-expanded=\"false\" aria-controls=\"accordion-2043577993-content\" >\n\t\t\t<button class=\"toggle\" aria-label=\"Umschalten\"><i class=\"icon-angle-down\"><\/i><\/button>\n\t\t\t<span>Wann kann ich nach der Operation Sport treiben?<\/span>\n\t\t<\/a>\n\t\t<div id=\"accordion-2043577993-content\" class=\"accordion-inner\" aria-labelledby=\"accordion-2043577993-label\" >\n\t\t\t\n<p>Nach der Entlassung aus dem Krankenhaus wird empfohlen, t\u00e4glich mindestens 20 Minuten zu gehen. Ab dem 15. Tag k\u00f6nnen Sie mit dem Schwimmen beginnen, und ab dem 45. Tag k\u00f6nnen Sie das Schwimmen intensiver betreiben. Ab dem 45. Tag k\u00f6nnen Sie auch mit Fitness, Aerobic, Pilates und anderen Sportarten im Fitnessstudio beginnen.<\/p>\n\t\t<\/div>\n\t<\/div>\n\t\n\t<div id=\"accordion-4127138777\" class=\"accordion-item\">\n\t\t<a id=\"accordion-4127138777-label\" class=\"accordion-title plain\" href=\"#accordion-item-kann-ich-nach-einer-schlauchmagen-operation-fasten?\" aria-expanded=\"false\" aria-controls=\"accordion-4127138777-content\" >\n\t\t\t<button class=\"toggle\" aria-label=\"Umschalten\"><i class=\"icon-angle-down\"><\/i><\/button>\n\t\t\t<span>Kann ich nach einer Schlauchmagen-Operation fasten?<\/span>\n\t\t<\/a>\n\t\t<div id=\"accordion-4127138777-content\" class=\"accordion-inner\" aria-labelledby=\"accordion-4127138777-label\" >\n\t\t\t\n<p>Das Fasten w\u00e4hrend des Ramadan kann insbesondere im ersten Jahr nach einer bariatrischen Operation Herausforderungen mit sich bringen. Lange Sommermonate k\u00f6nnen diese Herausforderungen noch verst\u00e4rken. Viele bariatrische Methoden begrenzen die Menge an Nahrung und Fl\u00fcssigkeit, die auf einmal aufgenommen werden kann, erheblich, und daher wird den Patienten empfohlen, w\u00e4hrend des Tages h\u00e4ufig Fl\u00fcssigkeit zu sich zu nehmen. Langzeitfasten kann zu Dehydration und N\u00e4hrstoffm\u00e4ngeln f\u00fchren.<\/p>\n\t\t<\/div>\n\t<\/div>\n\t\n\t<div id=\"accordion-573117896\" class=\"accordion-item\">\n\t\t<a id=\"accordion-573117896-label\" class=\"accordion-title plain\" href=\"#accordion-item-werde-ich-nach-der-operation-regelm\u00e4\u00dfig-medikamente-einnehmen-m\u00fcssen?\" aria-expanded=\"false\" aria-controls=\"accordion-573117896-content\" >\n\t\t\t<button class=\"toggle\" aria-label=\"Umschalten\"><i class=\"icon-angle-down\"><\/i><\/button>\n\t\t\t<span>Werde ich nach der Operation regelm\u00e4\u00dfig Medikamente einnehmen m\u00fcssen?<\/span>\n\t\t<\/a>\n\t\t<div id=\"accordion-573117896-content\" class=\"accordion-inner\" aria-labelledby=\"accordion-573117896-label\" >\n\t\t\t\n<p>F\u00fcr drei Monate wird ein Medikament zur Hemmung der Magens\u00e4ure verschrieben. Nach einer Schlauchmagenoperation werden \u00fcber ein Jahr regelm\u00e4\u00dfige Bluttests durchgef\u00fchrt, und bei Bedarf wird eine unterst\u00fctzende Therapie verordnet. Nach Operationen wie Gastric Bypass oder Duodenal Switch, die die N\u00e4hrstoffaufnahme beeintr\u00e4chtigen, ist lebenslange Vitamin- und Mineralstofferg\u00e4nzung erforderlich.<\/p>\n\t\t<\/div>\n\t<\/div>\n\t\n\t<div id=\"accordion-2243718057\" class=\"accordion-item\">\n\t\t<a id=\"accordion-2243718057-label\" class=\"accordion-title plain\" href=\"#accordion-item-wird-meine-haut-nach-dem-gewichtsverlust-stark-h\u00e4ngen?\" aria-expanded=\"false\" aria-controls=\"accordion-2243718057-content\" >\n\t\t\t<button class=\"toggle\" aria-label=\"Umschalten\"><i class=\"icon-angle-down\"><\/i><\/button>\n\t\t\t<span>Wird meine Haut nach dem Gewichtsverlust stark h\u00e4ngen?<\/span>\n\t\t<\/a>\n\t\t<div id=\"accordion-2243718057-content\" class=\"accordion-inner\" aria-labelledby=\"accordion-2243718057-label\" >\n\t\t\t\n<p>Das Auftreten von Hauterschlaffungen nach Adipositaschirurgie h\u00e4ngt von Faktoren wie Alter, Geschwindigkeit des Gewichtsverlusts und regelm\u00e4\u00dfiger sportlicher Bet\u00e4tigung nach der Operation ab. Regelm\u00e4\u00dfige Bewegung ist der wichtigste Faktor zur Vermeidung von Hauterschlaffungen w\u00e4hrend des Gewichtsverlustprozesses.<\/p>\n\t\t<\/div>\n\t<\/div>\n\t\n\t<div id=\"accordion-3071965334\" class=\"accordion-item\">\n\t\t<a id=\"accordion-3071965334-label\" class=\"accordion-title plain\" href=\"#accordion-item-werde-ich-nach-der-operation-haarausfall-haben?\" aria-expanded=\"false\" aria-controls=\"accordion-3071965334-content\" >\n\t\t\t<button class=\"toggle\" aria-label=\"Umschalten\"><i class=\"icon-angle-down\"><\/i><\/button>\n\t\t\t<span>Werde ich nach der Operation Haarausfall haben?<\/span>\n\t\t<\/a>\n\t\t<div id=\"accordion-3071965334-content\" class=\"accordion-inner\" aria-labelledby=\"accordion-3071965334-label\" >\n\t\t\t\n<p>Zwischen dem 6. und 9. Monat nach der Operation kann es zu Haarausfall kommen. Dies wird h\u00e4ufig auf Mangelerscheinungen von Spurenelementen und Vitaminen zur\u00fcckgef\u00fchrt und ist in der Regel vor\u00fcbergehend.<\/p>\n\t\t<\/div>\n\t<\/div>\n\t\n\t<div id=\"accordion-652930548\" class=\"accordion-item\">\n\t\t<a id=\"accordion-652930548-label\" class=\"accordion-title plain\" href=\"#accordion-item-welche-art-von-operation-ist-f\u00fcr-mich-geeignet?-gibt-es-bestimmte-kriterien-f\u00fcr-die-auswahl-der-operationsart?\" aria-expanded=\"false\" aria-controls=\"accordion-652930548-content\" >\n\t\t\t<button class=\"toggle\" aria-label=\"Umschalten\"><i class=\"icon-angle-down\"><\/i><\/button>\n\t\t\t<span>Welche Art von Operation ist f\u00fcr mich geeignet? Gibt es bestimmte Kriterien f\u00fcr die Auswahl der Operationsart?<\/span>\n\t\t<\/a>\n\t\t<div id=\"accordion-652930548-content\" class=\"accordion-inner\" aria-labelledby=\"accordion-652930548-label\" >\n\t\t\t\n<p>Diese Entscheidung h\u00e4ngt vollst\u00e4ndig von der Erfahrung des chirurgischen Teams und bestimmten Eigenschaften des Patienten ab. Das chirurgische Team ber\u00fccksichtigt alle diese Faktoren und w\u00e4hlt zusammen mit dem Patienten den geeigneten Operationstyp aus.<\/p>\n\t\t<\/div>\n\t<\/div>\n\t\n\t<div id=\"accordion-3883650155\" class=\"accordion-item\">\n\t\t<a id=\"accordion-3883650155-label\" class=\"accordion-title plain\" href=\"#accordion-item-ich-komme-von-au\u00dferhalb-istanbuls.-wie-viele-tage-nach-der-operation-kann-ich-nach-hause-zur\u00fcckkehren?\" aria-expanded=\"false\" aria-controls=\"accordion-3883650155-content\" >\n\t\t\t<button class=\"toggle\" aria-label=\"Umschalten\"><i class=\"icon-angle-down\"><\/i><\/button>\n\t\t\t<span>Ich komme von au\u00dferhalb Istanbuls. Wie viele Tage nach der Operation kann ich nach Hause zur\u00fcckkehren?<\/span>\n\t\t<\/a>\n\t\t<div id=\"accordion-3883650155-content\" class=\"accordion-inner\" aria-labelledby=\"accordion-3883650155-label\" >\n\t\t\t\n<p>Etwa 20\u201325 % unserer Patienten kommen aus anderen St\u00e4dten oder L\u00e4ndern. Die pr\u00e4operativen Untersuchungen k\u00f6nnen in 2\u20133 Stunden abgeschlossen werden, sodass es ausreicht, einen Tag im Voraus anzureisen. Ab dem 5. Tag nach der Operation k\u00f6nnen Sie Fl\u00fcge von bis zu 2 Stunden Dauer antreten. F\u00fcr Patienten aus dem Ausland empfehlen wir die R\u00fcckkehr nach dem 7. Tag.<\/p>\n\t\t<\/div>\n\t<\/div>\n\t\n\t<div id=\"accordion-542378328\" class=\"accordion-item\">\n\t\t<a id=\"accordion-542378328-label\" class=\"accordion-title plain\" href=\"#accordion-item-wie-viel-gewicht-kann-ich-in-welcher-zeit-verlieren?\" aria-expanded=\"false\" aria-controls=\"accordion-542378328-content\" >\n\t\t\t<button class=\"toggle\" aria-label=\"Umschalten\"><i class=\"icon-angle-down\"><\/i><\/button>\n\t\t\t<span>Wie viel Gewicht kann ich in welcher Zeit verlieren?<\/span>\n\t\t<\/a>\n\t\t<div id=\"accordion-542378328-content\" class=\"accordion-inner\" aria-labelledby=\"accordion-542378328-label\" >\n\t\t\t\n<p>Der Gewichtsverlustprozess nach einer Adipositaschirurgie dauert etwa 12\u201318 Monate. Der schnellste Gewichtsverlust erfolgt in den ersten 6 Monaten. Abh\u00e4ngig von der Art der durchgef\u00fchrten Operation k\u00f6nnen im Durchschnitt 60\u201380 % des \u00dcbergewichts verloren gehen.<\/p>\n\t\t<\/div>\n\t<\/div>\n\t\n\t<div id=\"accordion-2572831659\" class=\"accordion-item\">\n\t\t<a id=\"accordion-2572831659-label\" class=\"accordion-title plain\" href=\"#accordion-item-k\u00f6nnen-sie-ihre-erfahrung-in-der-adipositaschirurgie-beschreiben?\" aria-expanded=\"false\" aria-controls=\"accordion-2572831659-content\" >\n\t\t\t<button class=\"toggle\" aria-label=\"Umschalten\"><i class=\"icon-angle-down\"><\/i><\/button>\n\t\t\t<span>K\u00f6nnen Sie Ihre Erfahrung in der Adipositaschirurgie beschreiben?<\/span>\n\t\t<\/a>\n\t\t<div id=\"accordion-2572831659-content\" class=\"accordion-inner\" aria-labelledby=\"accordion-2572831659-label\" >\n\t\t\t\n<p>Meine Reise in der Adipositaschirurgie begann 2009 unter der Leitung von Prof. Dr. Mehmet Ali Yerdel. Ich habe umfangreiche Erfahrung in bariatrischer Chirurgie gesammelt, sowohl in der T\u00fcrkei als auch in den USA, und arbeite seit 2013 als freiberuflicher Chirurg in Istanbul.<\/p>\n\t\t<\/div>\n\t<\/div>\n\t\n<\/div>\n\t\t<\/div>\n\t\t\t\t\t<\/div>\n\n\t\n<\/div>\n\t\t<\/div>\n\n\t\t\n<style>\n#section_1507188882 {\n  padding-top: 30px;\n  padding-bottom: 30px;\n}\n<\/style>\n\t<\/section>\n\t\n","protected":false},"excerpt":{"rendered":"","protected":false},"author":1,"featured_media":0,"parent":0,"menu_order":0,"comment_status":"closed","ping_status":"closed","template":"page-blank.php","meta":{"footnotes":""},"class_list":["post-1142","page","type-page","status-publish","hentry"],"_links":{"self":[{"href":"https:\/\/toygartoydemir.com\/de\/wp-json\/wp\/v2\/pages\/1142","targetHints":{"allow":["GET"]}}],"collection":[{"href":"https:\/\/toygartoydemir.com\/de\/wp-json\/wp\/v2\/pages"}],"about":[{"href":"https:\/\/toygartoydemir.com\/de\/wp-json\/wp\/v2\/types\/page"}],"author":[{"embeddable":true,"href":"https:\/\/toygartoydemir.com\/de\/wp-json\/wp\/v2\/users\/1"}],"replies":[{"embeddable":true,"href":"https:\/\/toygartoydemir.com\/de\/wp-json\/wp\/v2\/comments?post=1142"}],"version-history":[{"count":4,"href":"https:\/\/toygartoydemir.com\/de\/wp-json\/wp\/v2\/pages\/1142\/revisions"}],"predecessor-version":[{"id":2812,"href":"https:\/\/toygartoydemir.com\/de\/wp-json\/wp\/v2\/pages\/1142\/revisions\/2812"}],"wp:attachment":[{"href":"https:\/\/toygartoydemir.com\/de\/wp-json\/wp\/v2\/media?parent=1142"}],"curies":[{"name":"wp","href":"https:\/\/api.w.org\/{rel}","templated":true}]}}