{"id":1155,"date":"2024-12-03T14:49:12","date_gmt":"2024-12-03T11:49:12","guid":{"rendered":"https:\/\/toygartoydemir.com\/?page_id=1155"},"modified":"2024-12-25T11:14:42","modified_gmt":"2024-12-25T08:14:42","slug":"prof-dr-toygar-toydemir","status":"publish","type":"page","link":"https:\/\/toygartoydemir.com\/de\/prof-dr-toygar-toydemir\/","title":{"rendered":"Prof. Dr. Toygar Toydemir"},"content":{"rendered":"\n\t<section class=\"section\" id=\"section_154038199\">\n\t\t<div class=\"section-bg fill\" >\n\t\t\t\t\t\t\t\t\t\n\t\t\t\n\n\t\t<\/div>\n\n\t\t\n\n\t\t<div class=\"section-content relative\">\n\t\t\t\n  <div id=\"page-header-1980630909\" class=\"page-header-wrapper\">\n  <div class=\"page-title dark simple-title\">\n\n    \n    <div class=\"page-title-inner container align-top flex-row medium-flex-wrap\" >\n              <div class=\"title-wrapper flex-col text-left medium-text-center\">\n          <h1 class=\"entry-title mb-0\">\n            Prof. Dr. Toygar Toydemir          <\/h1>\n        <\/div>\n                    <div class=\"title-content flex-col flex-right text-right medium-text-center\">\n        <div class=\"title-breadcrumbs pb-half pt-half\"><\/div>      <\/div>\n    <\/div>\n\n       <\/div>\n    <\/div>\n  \n\t\t<\/div>\n\n\t\t\n<style>\n#section_154038199 {\n  padding-top: 30px;\n  padding-bottom: 30px;\n  background-color: #0000fe;\n}\n<\/style>\n\t<\/section>\n\t\n\n\t<section class=\"section\" id=\"section_1155284472\">\n\t\t<div class=\"section-bg fill\" >\n\t\t\t\t\t\t\t\t\t\n\t\t\t\n\n\t\t<\/div>\n\n\t\t\n\n\t\t<div class=\"section-content relative\">\n\t\t\t\n<div class=\"row\"  id=\"row-955435293\">\n\n\t<div id=\"col-1419366312\" class=\"col medium-5 small-12 large-5\"  >\n\t\t\t\t<div class=\"col-inner\"  >\n\t\t\t\n\t\t\t\n\t<div class=\"img has-hover x md-x lg-x y md-y lg-y\" id=\"image_699152413\">\n\t\t\t\t\t\t\t\t<div class=\"img-inner dark\" >\n\t\t\t<img decoding=\"async\" width=\"803\" height=\"714\" src=\"https:\/\/toygartoydemir.com\/wp-content\/uploads\/2024\/12\/Hakkimda-hoca-gorseli_v2.webp\" class=\"attachment-2048x2048 size-2048x2048\" alt=\"\" srcset=\"https:\/\/toygartoydemir.com\/wp-content\/uploads\/2024\/12\/Hakkimda-hoca-gorseli_v2.webp 803w, https:\/\/toygartoydemir.com\/wp-content\/uploads\/2024\/12\/Hakkimda-hoca-gorseli_v2-450x400.webp 450w, https:\/\/toygartoydemir.com\/wp-content\/uploads\/2024\/12\/Hakkimda-hoca-gorseli_v2-768x683.webp 768w\" sizes=\"(max-width: 803px) 100vw, 803px\" title=\"\">\t\t\t\t\t\t\n\t\t\t\t\t<\/div>\n\t\t\t\t\t\t\t\t\n<style>\n#image_699152413 {\n  width: 100%;\n}\n<\/style>\n\t<\/div>\n\t\n\t\t<\/div>\n\t\t\t\t\t<\/div>\n\n\t\n\n\t<div id=\"col-1725284337\" class=\"col medium-7 small-12 large-7\"  >\n\t\t\t\t<div class=\"col-inner\"  >\n\t\t\t\n\t\t\t\n<p>Dr. Toygar TOYDEM\u0130R wurde im Jahr 1976 geboren. Er absolvierte 1994 das Gaziantep Naturwissenschaftliches Gymnasium und begann im selben Jahr sein Medizinstudium an der Medizinischen Fakult\u00e4t der Ege-Universit\u00e4t.<\/p>\n<p>Nach Abschluss seiner sechsj\u00e4hrigen medizinischen Ausbildung wurde er von 2001 bis 2006 der Generalchirurgie-Facharzt am \u015ei\u015fli Etfal Ausbildungs- und Forschungs-Krankenhaus.<\/p>\n<p>Nachdem er seinen obligatorischen Dienst am Erzurum Paland\u00f6ken Staatlichen Krankenhaus abgeschlossen hatte, erf\u00fcllte er von 2008 bis 2009 seine Milit\u00e4rpflicht am Adana Milit\u00e4rkrankenhaus, wo er auch die Klinikleitung innehatte.<\/p>\n<p>Dr. Toygar Toydemir ist verheiratet und Vater von zwei Kindern. Er spricht flie\u00dfend Englisch und mittlere Italienischkenntnisse.<\/p>\n\t\t<\/div>\n\t\t\t\t\t<\/div>\n\n\t\n\n\t<div id=\"col-1540240010\" class=\"col small-12 large-12\"  >\n\t\t\t\t<div class=\"col-inner\"  >\n\t\t\t\n\t\t\t\n<p>Seit den ersten Jahren seiner Assistenzzeit zeigte Dr. Toydemir ein Interesse an laparoskopischer Chirurgie. Nach seiner Facharztausbildung arbeitete er mit vielen bedeutenden Pers\u00f6nlichkeiten im In- und Ausland zusammen und absolvierte eine fortgeschrittene Ausbildung in laparoskopischer Chirurgie.<\/p>\n<p>Zwischen 2009 und 2011 arbeitete er zusammen mit Prof. Mehmet Ali Yerdel, bewertete Tausende von Refluxpatienten und f\u00fchrte Hunderte von Refluxoperationen durch. Im Jahr 2010 schloss er erfolgreich die schriftlichen und m\u00fcndlichen Pr\u00fcfungen der T\u00fcrkischen Chirurgischen Gesellschaft (Board) ab und erhielt sein Facharzttitel.<\/p>\n<p>Im Jahr 2013 arbeitete er am Lenox Hill Hospital in New York mit Dr. Mitchell Roslin, einem weltweit anerkannten Experten f\u00fcr Adipositaschirurgie, an revisionschirurgischen bariatrischen Eingriffen und hatte die Gelegenheit, die neuesten Entwicklungen in der bariatrischen Chirurgie in den Vereinigten Staaten aus erster Hand zu verfolgen.<\/p>\n<p>Im Jahr 2020 erhielt er den Titel Professor der Allgemeinen Chirurgie. Dr. Toydemir, der \u00fcber umfangreiche Erfahrungen in den Bereichen Reflux- und Adipositaschirurgie verf\u00fcgt, setzt seine Arbeit in diesen Bereichen fort.<\/p>\n<p><a href=\"https:\/\/www.youtube.com\/watch?v=ZjbRldY-jDM\" target=\"_blank\" rel=\"noopener\">https:\/\/www.youtube.com\/watch?v=ZjbRldY-jDM<\/a><\/p>\n\t\t<\/div>\n\t\t\t\t\t<\/div>\n\n\t\n<\/div>\n\t\t<\/div>\n\n\t\t\n<style>\n#section_1155284472 {\n  padding-top: 30px;\n  padding-bottom: 30px;\n}\n<\/style>\n\t<\/section>\n\t\n<\/section>\n","protected":false},"excerpt":{"rendered":"","protected":false},"author":1,"featured_media":0,"parent":0,"menu_order":0,"comment_status":"closed","ping_status":"closed","template":"page-blank.php","meta":{"footnotes":""},"class_list":["post-1155","page","type-page","status-publish","hentry"],"_links":{"self":[{"href":"https:\/\/toygartoydemir.com\/de\/wp-json\/wp\/v2\/pages\/1155","targetHints":{"allow":["GET"]}}],"collection":[{"href":"https:\/\/toygartoydemir.com\/de\/wp-json\/wp\/v2\/pages"}],"about":[{"href":"https:\/\/toygartoydemir.com\/de\/wp-json\/wp\/v2\/types\/page"}],"author":[{"embeddable":true,"href":"https:\/\/toygartoydemir.com\/de\/wp-json\/wp\/v2\/users\/1"}],"replies":[{"embeddable":true,"href":"https:\/\/toygartoydemir.com\/de\/wp-json\/wp\/v2\/comments?post=1155"}],"version-history":[{"count":5,"href":"https:\/\/toygartoydemir.com\/de\/wp-json\/wp\/v2\/pages\/1155\/revisions"}],"predecessor-version":[{"id":1160,"href":"https:\/\/toygartoydemir.com\/de\/wp-json\/wp\/v2\/pages\/1155\/revisions\/1160"}],"wp:attachment":[{"href":"https:\/\/toygartoydemir.com\/de\/wp-json\/wp\/v2\/media?parent=1155"}],"curies":[{"name":"wp","href":"https:\/\/api.w.org\/{rel}","templated":true}]}}