{"id":1942,"date":"2024-12-03T14:50:02","date_gmt":"2024-12-03T11:50:02","guid":{"rendered":"https:\/\/toygartoydemir.com\/?page_id=1942"},"modified":"2025-02-07T14:33:10","modified_gmt":"2025-02-07T11:33:10","slug":"scientific-publications","status":"publish","type":"page","link":"https:\/\/toygartoydemir.com\/en\/scientific-publications\/","title":{"rendered":"Scientific Publications"},"content":{"rendered":"\n\t<section class=\"section\" id=\"section_2094045783\">\n\t\t<div class=\"section-bg fill\" >\n\t\t\t\t\t\t\t\t\t\n\t\t\t\n\n\t\t<\/div>\n\n\t\t\n\n\t\t<div class=\"section-content relative\">\n\t\t\t\n  <div id=\"page-header-1403278277\" class=\"page-header-wrapper\">\n  <div class=\"page-title dark simple-title\">\n\n    \n    <div class=\"page-title-inner container align-top flex-row medium-flex-wrap\" >\n              <div class=\"title-wrapper flex-col text-left medium-text-center\">\n          <h1 class=\"entry-title mb-0\">\n            Scientific Publications          <\/h1>\n        <\/div>\n                    <div class=\"title-content flex-col flex-right text-right medium-text-center\">\n        <div class=\"title-breadcrumbs pb-half pt-half\"><\/div>      <\/div>\n    <\/div>\n\n       <\/div>\n    <\/div>\n  \n\t\t<\/div>\n\n\t\t\n<style>\n#section_2094045783 {\n  padding-top: 30px;\n  padding-bottom: 30px;\n  background-color: #0000fe;\n}\n<\/style>\n\t<\/section>\n\t\n\n\t<section class=\"section\" id=\"section_1537711418\">\n\t\t<div class=\"section-bg fill\" >\n\t\t\t\t\t\t\t\t\t\n\t\t\t\n\n\t\t<\/div>\n\n\t\t\n\n\t\t<div class=\"section-content relative\">\n\t\t\t\n<div class=\"row\"  id=\"row-32461943\">\n\n\t<div id=\"col-563859942\" class=\"col small-12 large-12\"  >\n\t\t\t\t<div class=\"col-inner\"  >\n\t\t\t\n\t\t\t\n<p>Some of Prof. Dr. Toygar Toydemir\u2019s most cited selected publications, he has more than 100 publications including national and international proceedings.<\/p>\n<p><strong>ARTICLES PUBLISHED IN INTERNATIONAL REFEREED JOURNALS<\/strong><\/p>\n<p><strong>A1<\/strong>.\u00a0<em><strong>Toydemir T<\/strong><\/em>, K\u00f6ksal H, Celayir F, Baykan A. Consevative Management Of Pneumothorax Due To Chest Trauma. Balkan Military Medical Review . 2010; Vol 13 ;2:51-55<\/p>\n<p><strong>A2<\/strong>.\u00a0<strong><em>Toydemir T<\/em>.<\/strong>\u00a0Inflammatory fibroid polyp of the ileum presenting with small bowel obstruction in an adult patient: a case report. Journal of Medical Case Reports. 2010; 30; 4 :291<\/p>\n<p><strong>A3<\/strong>.\u00a0<em><strong>Toydemir T<\/strong><\/em>, Yerdel M.A. Is Concomitant Cholecystectomy Safe During Laparoscopic Anti-Reflux Surgery? Journal of Laparoendoscopic &amp; Advanced Surgical Techniques 2010; 20 (10): 831-7<\/p>\n<p><strong>A4<\/strong>.\u00a0<em><strong>Toydemir T<\/strong><\/em>, Tekin K, Yerdel M.A. Lapaorcopic Nissen versus Toupet Fundoplication: Assessment of Operative Outcomes. Journal of Laparoendoscopic &amp; Advanced Surgical Techniques. 2011: 21(8);669-76<\/p>\n<p><strong>A5<\/strong>.\u00a0<em><strong>Toydemir T<\/strong><\/em>, Yerdel M.A. Laparoscopic Anti-Reflux Surgery After Failed Endoscopic Treatments For Gastroesophageal Reflux Disease.\u00a0<em>Surgical Laparoscopy, Endoscopy &amp; Percutaneous Techniques.<\/em>\u00a02011;21 (1): 17-9<\/p>\n<p><strong>A6<\/strong>.\u00a0<em><strong>Toydemir T<\/strong><\/em>, Tekin K, Yerdel M.A. Ya\u015fl\u0131 Hastalarda Laparoskopik Antirefl\u00fc Cerrahi Uygulamas\u0131 \u0130\u00e7in Ya\u015f Bir Kontrendikasyon mudur? Turkish Journal Of Geriatrics 2011; 14 (2): 95-100<\/p>\n<p><strong>A7<\/strong>. Tekin K,\u00a0<em><strong>Toydemir T<\/strong><\/em>, Yerdel M.A. Is Laparoscopic Anti-Reflux Surgery Safe And Effective In Obese Patients. Surgical Endoscopy and Other Interventional Techniques. 2012;26(1):86-95.<\/p>\n<p><strong>A8<\/strong>.\u00a0<em><strong>Toydemir T,<\/strong><\/em>\u00a0Ertu\u011frul G. Fibromatosis of the cecum presenting with acute appendicitis: A case report. Internatinal Journal of General Medicine.2012; 5: 1-3<\/p>\n<p><strong>A9<\/strong>.\u00a0<em><strong>Toydemir T<\/strong><\/em>, Ak\u0131nc\u0131 H, Tekinel M, S\u00fcleyman E, Acuna\u015f B, Yerdel M.A. Laparoscopic Repair of Incarcerated Bochdalek Hernia in an Elderly. Clinics (Sao Paulo). 2012;67(2):199-201.<\/p>\n<p><strong>A10<\/strong>. Ertu\u011frul G, Co\u015fkun M, Sevin\u00e7 M, Ertu\u011frul F,\u00a0<em><strong>Toydemir T<\/strong><\/em>. Treatment of gastric phytobezoars with Coca-Cola given via oral route: a case report. Internatinal Journal of General Medicine. 2012;5:157-61.<\/p>\n<p><strong>A11<\/strong>. Ertu\u011frul G, Co\u015fkun M, Sevin\u00e7 M, Yelimlies B, Ertu\u011frul F,\u00a0<em><strong>Toydemir T<\/strong><\/em>. A rare cause of gastrointestinal phytobezoars: diospyros lotus. World Journal of Emergency Medicine. 2012; 7(1):19<\/p>\n<p><strong>A12<\/strong>. Ertugrul G, Coskun M, Sevinc M, Ertugrul F,\u00a0<em><strong>Toydemir T<\/strong><\/em>. Delayed presentation of a sigmoid colon injury following blunt abdominal trauma: a case report. J Med Case Rep 2012 20;6(1):247<\/p>\n<p><strong>A13<\/strong>. Memni N, \u00c7ipe G, Bekta\u015fo\u011flu H,\u00a0<em><strong>Toydemir T<\/strong><\/em>, Kad\u0131o\u011flu H, Bozkurt S, Buyukp\u0131narbas\u0131l\u0131 N, Karatepe O, M\u00fcsl\u00fcmano\u011flu M. Perforated gastrointestinal stromal tumor in the jejunum: A rare cause of acute abdomen. Oncology Letters. 2012:4;1244-6<\/p>\n<p><strong>A14<\/strong>. Unal O, Citgez B, Cipe G,\u00a0<strong><em>Toydemir T<\/em><\/strong>, Karatepe O. Conservative treatment of arterial pseudoaneurism in patients with Behcet Disease. Georgian Med News. 2013;(215):28-32<\/p>\n<p><strong>A15<\/strong>. Danalioglu A, Cipe G,\u00a0<em><strong>Toydemir T<\/strong><\/em>, Kocaman O, Ince AT, Muslumanoglu M,. Senturk H. Endoscopic stapling in comparison to laparoscopic fundoplication for the treatment of gastroesophageal reflux disease. 2014; 26 (1): 37-42 Dig. Endosc doi: 10.1111\/den.12081<\/p>\n<p><strong>A16<\/strong>.\u00a0<em><strong>Toydemir T<\/strong><\/em>, Kanter M, Erboga M, Oguz S, Erenoglu C. Antioxidative, antiapopotic and proliferative effect of curcumin on liver regeneration after partial hepatectomy in rats. Toxicol Ind Health. doi: 10.1177\/0748233712469658<\/p>\n<p><strong>A17<\/strong>. Oguz S, Kanter M, Erboga M,\u00a0<strong><em>Toydemir T,<\/em><\/strong>\u00a0Sayhan MB, Onur H. Effects of Urtica dioica on oxidative stress, proliferation and apoptosis after partial hepatectomy in rats. Toxicol Ind Health. doi: 10.1177\/0748233713480211<\/p>\n<p><strong>A18<\/strong>.\u00a0<em><strong>Toydemir T,<\/strong><\/em>\u00a0\u00c7ipe G, Karatepe O, Yerdel MA. Laparoscopic management of totally intra-thoracic stomach with chronic volvulus. World J Gastroenterol 2013;19 (35): 5848-5854 doi:10.3748\/wjg.v19.i35.0000<\/p>\n<p><strong>A19. <em>Toydemir T<\/em><\/strong>, Tekin K, Yerdel M.A. The effect of \u201cmesh\u201d hiatoplasty on postoperative dysphagia following anti-reflux surgery. World Journal of Surgery (submitted for publication)<\/p>\n<p><span style=\"font-weight: 400;\">A20- \u00c7al\u0131ko\u011flu \u0130, \u00d6zgen G,\u00a0<\/span><b>Toydemir T<\/b><span style=\"font-weight: 400;\">, Yerdel MA.<\/span><span style=\"font-weight: 400;\"> Iatrogenic cardiac tamponade as a mortal complication of peri-hiatal surgery. Analysis of 30 published cases.<\/span><span style=\"font-weight: 400;\">\u00a0 <\/span><span style=\"font-weight: 400;\">Heliyon30;5(4):e01537.\u00a0doi: 10.1016\/j.heliyon.2019.e01537.<\/span><\/p>\n<p><span style=\"font-weight: 400;\">A21- \u00d6zgen G,\u00a0<\/span><b>Toydemir T<\/b><span style=\"font-weight: 400;\">, Yerdel MA. Low-Pressure Pneumoperitoneum During Laparoscopic Sleeve Gastrectomy: a Safety and Feasibility Analysis.<\/span> <span style=\"font-weight: 400;\">Obes Surg. \u00a02023 Jul;33(7):1984-1988.<\/span><\/p>\n<p><span style=\"font-weight: 400;\">A22- \u015een O, \u00c7al\u0131ko\u011flu \u0130, \u00d6zgen G,\u00a0<\/span><b>Toydemir T<\/b><span style=\"font-weight: 400;\">, T\u00fcrk\u00e7apar AG, Yerdel MA. Sleeve gastrectomy in patients with previous antireflux surgery. Preliminary results of the &#8220;no-touch to posterior wrap&#8221; technique. Surg Obes Relat Dis. 2019 Oct;15(10):1668-1674<\/span><\/p>\n<p><span style=\"font-weight: 400;\">A23- <\/span><b>Toydemir T<\/b><span style=\"font-weight: 400;\">, \u00d6zgen G, \u00c7al\u0131ko\u011flu \u0130, Ersoy \u00d6, Yerdel MA.<\/span> <span style=\"font-weight: 400;\">A Comparative Study Evaluating the Incidence of Colorectal Neoplasia(s) in Candidates for Bariatric Surgery by Screening Colonoscopy, 40-49 Versus 50-65 Years Old: a Preliminary Study. Obes Surg.\u00a02019 Aug;29(8):2430-2435.<\/span><\/p>\n<p><strong>ARTICLES PUBLISHED IN NATIONAL REFEREED JOURNALS<\/strong><\/p>\n<p><strong>D1<\/strong>. Y\u0131ld\u0131r\u0131m S, K\u00f6ksal H, Baykan A, Celayir F,\u00a0<strong><em>Toydemir T<\/em><\/strong>. Rektum Kanserinde Endorektal Ultrasonografi ve Manyetik Rezonans G\u00f6r\u00fcnt\u00fcleme ile Saptanan Perirektal Lenf Pozitifli\u011finin Histopatolojik \u0130nceleme ile Uyumu. Kolon ve Rektum Hastal\u0131klar\u0131 Dergisi 2003; 13(3): 86-91<\/p>\n<p><strong>D2<\/strong>. K\u00f6ksal H, Y\u0131ld\u0131r\u0131m S,\u00a0<em><strong>Toydemir T<\/strong><\/em>, Celayir F, \u00d6ner M, Baykan A. Kanamal\u0131 Hemoroid Hastalar\u0131nda Kalsiyum Dobesilat, Diosmin- Hesperidin ve Oturma Banyosunun Akut \u015eikayetler \u00dczerine Erken D\u00f6nem Etkinli\u011fi. Kolon ve Rektum Hastal\u0131klar\u0131 Dergisi 2008; 18(2): 71-78<\/p>\n<p><strong>D3.<\/strong>\u00a0<em><strong>Toydemir T<\/strong><\/em>, Pesluk O, Erme\u00e7 Diler E, Turhan AN. Sakrokosigeal Pilonidal Sin\u00fcs Hastal\u0131\u011f\u0131n\u0131n Cerrahi Tedavisinde Karydakis Flep ile Primer Kapama Prosed\u00fcrlerinin Klinik Sonu\u00e7lar\u0131n\u0131n Kar\u015f\u0131la\u015ft\u0131r\u0131lmas\u0131. Bak\u0131rk\u00f6y T\u0131p Dergisi. 2012;8: 78-81<\/p>\n<p><strong>D4.<\/strong>\u00a0<em><strong>Toydemir T<\/strong><\/em>, Pesluk O, Yerdel MA. Akalazya Hastal\u0131\u011f\u0131n\u0131n Cerrahi Tedavisinde Laparoskopik Heller Miyotomi ve Toupet Fundoplikasyonu. Ege T\u0131p Dergisi 2012;51(3):171-74<\/p>\n<p><strong>D5.<\/strong>\u00a0<em><strong>Toydemir T<\/strong><\/em>, \u00c7ipe G, Celayir F, Y\u0131ld\u0131r\u0131m S, Baykan A. Ileri evre ozofagus kanserli hastalarin palyasyonunda self-expanding metal stentlerin etkinli\u011fi. \u0130stanbul T\u0131p Dergisi 2012;13(4):181-185<\/p>\n<p><strong>D6.<\/strong>\u00a0Ertugrul G,\u00a0<strong><em>Toydemir T<\/em><\/strong>, Ertugrul F. Kronik Kar\u0131n A\u011fr\u0131s\u0131n\u0131n Nadir G\u00f6r\u00fclen Bir Nedeni: Apendiks Mukoseli. Olgu Sunumu. \u0130st T\u0131p Fak Derg. 2013; 76 (1): 22-24<\/p>\n<p><strong>D7<\/strong>. Tekin K,\u00a0<em><strong>Toydemir T<\/strong><\/em>. Obezitenin cerrahi tedavisi. Turkiye Klinikleri J Endocrin-Special Topics 2013;6(1):86-90<\/p>\n<p><strong>D8.<\/strong>\u00a0Pesluk O,\u00a0<em><strong>Toydemir T<\/strong><\/em>, Tavilo\u011flu K. Midenin Benign T\u00fcm\u00f6rleri. Turkiye Klinikleri Mide Kanseri Tan\u0131 Tedavi ve Takibinde Yenilikler Ozel Sayisi. 2013; 6 (3): 149-152<\/p>\n<p><strong>D9.\u00a0<em>Toydemir T<\/em><\/strong>, Tekin K. Morbid obezite cerrasinde duodenal switch prosed\u00fcr\u00fc. Turkiye Klinikleri Obezite cerrahisi \u00d6zel Say\u0131s\u0131. 2015;8(3): 55-59<\/p>\n<p><strong>E1<\/strong><strong>.<\/strong>\u00a0Y\u0131ld\u0131r\u0131m S, K\u00f6ksal H, Baykan A, Celayir F,\u00a0<strong><em>Toydemir T<\/em>.<\/strong>\u00a0Rektum Kanserinde ERUS ile MR ile saptanan Perirektal Lenf Pozitifli\u011finin Patoloji ile Korelasyonu.( SS 20) X. Ulusal Kolon ve Rektum Cerrahisi Kongresi. 07-11 Eyl\u00fcl 2003, Kemer\/ Antalya<\/p>\n<p><strong>E2.<\/strong>\u00a0\u015eeng\u00fcl N,\u00a0<em><strong>Toydemir T<\/strong><\/em>, Yerdel M.A. Gastro\u00f6zefageal Refl\u00fc Hastal\u0131\u011f\u0131nda Klinik Spektrumun Laporoskopik Anti-Refl\u00fc Cerrahi ve Fonksiyonel Sonu\u00e7lar \u00dczerine Etkisi Ulusal Gastroenteroloji Haftas\u0131. (P343) 14-18 Ekim 2009, Ankara<\/p>\n<p><strong>E3.<\/strong>\u00a0<em><strong>Toydemir T<\/strong><\/em>, Tekin K, Yerdel M.A. Ya\u015fl\u0131 Hasta Pop\u00fclasyonunda Laparoskopik Anti-Refl\u00fc Cerrahi (LARC). Ya\u015f LARC i\u00e7in bir kontrendikasyon mudur. (P540) 17. Ulusal Cerrahi Kongresi. 26-29 May\u0131s 2010, Ankara<\/p>\n<p><strong>E4.<\/strong>\u00a0<em><strong>Toydemir T<\/strong><\/em>, Yerdel M.A, Tekin K. Ayn\u0131 Seansta Yap\u0131lan Laparoskopik Anti-refl\u00fc Cerrahi ve Kolesistektominin Klinik Sonu\u00e7lar\u0131. (P551)17. Ulusal Cerrahi Kongresi. 26-29 May\u0131s 2010, Ankara<\/p>\n<p><strong>E5.<\/strong>\u00a0<em><strong>Toydemir T<\/strong><\/em>, Tekin K, Yerdel M.A. Laparoskopik Gastro\u00f6sefageal Refl\u00fc Tedavisinde Tek Merkezin Uzun D\u00f6nem Sonu\u00e7lar\u0131.(S07) 10. Ulusal Endoskopik Laparoskopik Cerrahi Kongresi. 27-30 Nisan 2011,\u0130stanbul<\/p>\n<p><strong>E6.<\/strong>\u00a0<em><strong>Toydemir T<\/strong><\/em>, Tekin K, \u00c7ipe G, Yerdel M.A. Deneyimin Laparoskopik Nissen Fundoplikasyonu Ameliyat\u0131na Etkisi (P67) 10. Ulusal Endoskopik Laparoskopik Cerrahi Kongresi. 27-30 Nisan 2011,\u0130stanbul<\/p>\n<p><strong>E7.<\/strong>\u00a0<em><strong>Toydemir T<\/strong><\/em>, Yerdel M.A. Akalazya Tedavisinde Laparoskopik Heller Miyotomi ve Toupet Fundoplikasyonu; \u00dc\u00e7 Y\u0131ll\u0131k Takip Sonu\u00e7lar\u0131. 10. Ulusal Endoskopik Laparoskopik Cerrahi Kongresi. 27-30 Nisan 2011,\u0130stanbul<\/p>\n<p><strong>E8.<\/strong>\u00a0<em><strong>Toydemir T<\/strong><\/em>, Tekin K, Yerdel M.A. Ge\u00e7irilmi\u015f \u00dcst Bat\u0131n Operasyonu Olan Hastalarda Anti-Refl\u00fc Cerrahi. 2. Minimal \u0130nvaziv Cerrahi Kongresi 21-24 Eyl\u00fcl 2011, Antalya<\/p>\n<p><strong>E9.<\/strong>\u00a0<em><strong>Toydemir T<\/strong><\/em>, Tekin K, Yerdel M.A. Laparoskopik Nissen Fundoplikasyonu Prosed\u00fcr\u00fcnde Greft \u0130le Yap\u0131lan Hiatoplastinin Uzun D\u00f6nem Yutma G\u00fc\u00e7l\u00fc\u011f\u00fc \u00dczerine Etkisi. 2. Minimal \u0130nvaziv Cerrahi Kongresi 21-24 Eyl\u00fcl 2011, Antalya<\/p>\n<p><strong>E10.<\/strong>\u00a0<em><strong>Toydemir T<\/strong><\/em>, Ak\u0131nc\u0131 H, Tekinel M, S\u00fcleyman E, Acuna\u015f B, Yerdel M.A. Yeti\u015fkin Bir Hastada \u0130nkarsere Bochdalek F\u0131t\u0131\u011f\u0131n\u0131n Laparoskopik Onar\u0131m\u0131. 18. Ulusal Cerrahi Kongresi. 23-27 May\u0131s 2012, \u0130zmir<\/p>\n<p><strong>E11.<\/strong>\u00a0<em><strong>Toydemir T<\/strong><\/em>, Pe\u015fluk O, Kunduz E, Aso\u011flu O. Mide Yerle\u015fimli Gastrointestinal Stromal T\u00fcm\u00f6r Olgusunda Laparoskopik K\u0131smi Mide Rezeksiyonu ve Splenektomi. (V49) 18. Ulusal Cerrahi Kongresi. 23-27 May\u0131s 2012, \u0130zmir<\/p>\n<p><strong>E12<\/strong>. Se\u00e7kin G,\u00a0<em><strong>Toydemir T<\/strong><\/em>, Aso\u011flu O. Total Gastrektomizeli Koledokolitiazis Olgusunda Laparoskopik Koledokotomi, Ta\u015f \u00c7\u0131kar\u0131lmas\u0131 ve T-T\u00fcp Drenaj Ameliyat\u0131. (VS36) 18. Ulusal Cerrahi Kongresi. 23-27 May\u0131s 2012, \u0130zmir<\/p>\n<p><strong>E13<\/strong>.\u00a0<strong><em>Toydemir T<\/em><\/strong>, Tekin K. Prader-Willi Sendromlu Morbid Obez Bir Hastada Laparoskopik Sleeve Gastrektomi. 11. Ulusal Endoskopik Laparoskopik Cerrahi Kongresi. 2-6 Ekim 2013,Bodrum<\/p>\n<p><strong>E14<\/strong>.\u00a0<em><strong>Toydemir T<\/strong><\/em>, Pesluk O. 62 Ya\u015f\u0131nda Erkek Bir Hastada Laparoskopik Tip IV hiatal Herni Onar\u0131m\u0131. 11. Ulusal Endoskopik Laparoskopik Cerrahi Kongresi. 2-6 Ekim 2013,Bodrum<\/p>\n\t\t<\/div>\n\t\t\t\t\t<\/div>\n\n\t\n<\/div>\n\t\t<\/div>\n\n\t\t\n<style>\n#section_1537711418 {\n  padding-top: 30px;\n  padding-bottom: 30px;\n}\n<\/style>\n\t<\/section>\n\t\n","protected":false},"excerpt":{"rendered":"","protected":false},"author":1,"featured_media":0,"parent":0,"menu_order":0,"comment_status":"closed","ping_status":"closed","template":"page-blank.php","meta":{"footnotes":""},"class_list":["post-1942","page","type-page","status-publish","hentry"],"_links":{"self":[{"href":"https:\/\/toygartoydemir.com\/en\/wp-json\/wp\/v2\/pages\/1942","targetHints":{"allow":["GET"]}}],"collection":[{"href":"https:\/\/toygartoydemir.com\/en\/wp-json\/wp\/v2\/pages"}],"about":[{"href":"https:\/\/toygartoydemir.com\/en\/wp-json\/wp\/v2\/types\/page"}],"author":[{"embeddable":true,"href":"https:\/\/toygartoydemir.com\/en\/wp-json\/wp\/v2\/users\/1"}],"replies":[{"embeddable":true,"href":"https:\/\/toygartoydemir.com\/en\/wp-json\/wp\/v2\/comments?post=1942"}],"version-history":[{"count":2,"href":"https:\/\/toygartoydemir.com\/en\/wp-json\/wp\/v2\/pages\/1942\/revisions"}],"predecessor-version":[{"id":1944,"href":"https:\/\/toygartoydemir.com\/en\/wp-json\/wp\/v2\/pages\/1942\/revisions\/1944"}],"wp:attachment":[{"href":"https:\/\/toygartoydemir.com\/en\/wp-json\/wp\/v2\/media?parent=1942"}],"curies":[{"name":"wp","href":"https:\/\/api.w.org\/{rel}","templated":true}]}}